{"id":332,"date":"2024-10-09T22:35:19","date_gmt":"2024-10-09T22:35:19","guid":{"rendered":"https:\/\/kelihfamily.forwardapps.si\/domov\/"},"modified":"2025-11-10T14:47:52","modified_gmt":"2025-11-10T14:47:52","slug":"domov","status":"publish","type":"page","link":"https:\/\/www.kelih.com\/sl\/","title":{"rendered":"Domov"},"content":{"rendered":"\t\t<div data-elementor-type=\"wp-page\" data-elementor-id=\"332\" class=\"elementor elementor-332 elementor-11\" data-elementor-post-type=\"page\">\n\t\t\t\t<div class=\"elementor-element elementor-element-15ff42e container-l-r-padding e-flex e-con-boxed e-con e-parent\" data-id=\"15ff42e\" data-element_type=\"container\" data-e-type=\"container\" data-settings=\"{&quot;background_background&quot;:&quot;classic&quot;}\">\n\t\t\t\t\t<div class=\"e-con-inner\">\n\t\t\t\t<div class=\"elementor-element elementor-element-2d8dadd elementor-widget elementor-widget-image\" data-id=\"2d8dadd\" data-element_type=\"widget\" data-e-type=\"widget\" data-settings=\"{&quot;motion_fx_motion_fx_scrolling&quot;:&quot;yes&quot;,&quot;motion_fx_opacity_effect&quot;:&quot;yes&quot;,&quot;motion_fx_opacity_direction&quot;:&quot;in-out&quot;,&quot;motion_fx_opacity_range&quot;:{&quot;unit&quot;:&quot;%&quot;,&quot;size&quot;:&quot;&quot;,&quot;sizes&quot;:{&quot;start&quot;:64,&quot;end&quot;:86}},&quot;motion_fx_rotateZ_effect&quot;:&quot;yes&quot;,&quot;motion_fx_rotateZ_direction&quot;:&quot;negative&quot;,&quot;motion_fx_rotateZ_speed&quot;:{&quot;unit&quot;:&quot;px&quot;,&quot;size&quot;:2,&quot;sizes&quot;:[]},&quot;motion_fx_opacity_level&quot;:{&quot;unit&quot;:&quot;px&quot;,&quot;size&quot;:10,&quot;sizes&quot;:[]},&quot;motion_fx_rotateZ_affectedRange&quot;:{&quot;unit&quot;:&quot;%&quot;,&quot;size&quot;:&quot;&quot;,&quot;sizes&quot;:{&quot;start&quot;:0,&quot;end&quot;:100}},&quot;motion_fx_devices&quot;:[&quot;desktop&quot;,&quot;laptop&quot;,&quot;tablet&quot;,&quot;mobile&quot;]}\" data-widget_type=\"image.default\">\n\t\t\t\t<div class=\"elementor-widget-container\">\n\t\t\t\t\t\t\t\t\t\t\t\t\t\t\t<img fetchpriority=\"high\" decoding=\"async\" width=\"306\" height=\"284\" src=\"https:\/\/www.kelih.com\/wp-content\/uploads\/kelih-logo-mobile.svg\" class=\"attachment-full size-full wp-image-291\" alt=\"\" \/>\t\t\t\t\t\t\t\t\t\t\t\t\t\t\t<\/div>\n\t\t\t\t<\/div>\n\t\t\t\t<div class=\"elementor-element elementor-element-7b3d0e8 elementor-hidden-desktop elementor-hidden-laptop elementor-hidden-tablet elementor-hidden-mobile elementor-widget elementor-widget-image\" data-id=\"7b3d0e8\" data-element_type=\"widget\" data-e-type=\"widget\" data-settings=\"{&quot;motion_fx_motion_fx_scrolling&quot;:&quot;yes&quot;,&quot;motion_fx_opacity_effect&quot;:&quot;yes&quot;,&quot;motion_fx_opacity_direction&quot;:&quot;in-out&quot;,&quot;motion_fx_opacity_range&quot;:{&quot;unit&quot;:&quot;%&quot;,&quot;size&quot;:&quot;&quot;,&quot;sizes&quot;:{&quot;start&quot;:47,&quot;end&quot;:70}},&quot;motion_fx_opacity_level&quot;:{&quot;unit&quot;:&quot;px&quot;,&quot;size&quot;:10,&quot;sizes&quot;:[]},&quot;motion_fx_devices&quot;:[&quot;desktop&quot;,&quot;laptop&quot;,&quot;tablet&quot;,&quot;mobile&quot;]}\" data-widget_type=\"image.default\">\n\t\t\t\t<div class=\"elementor-widget-container\">\n\t\t\t\t\t\t\t\t\t\t\t\t\t\t\t<img decoding=\"async\" width=\"797\" height=\"142\" src=\"https:\/\/www.kelih.com\/wp-content\/uploads\/fk-logotype.svg\" class=\"attachment-large size-large wp-image-271\" alt=\"\" \/>\t\t\t\t\t\t\t\t\t\t\t\t\t\t\t<\/div>\n\t\t\t\t<\/div>\n\t\t\t\t<div class=\"elementor-element elementor-element-901a694 elementor-widget elementor-widget-heading\" data-id=\"901a694\" data-element_type=\"widget\" data-e-type=\"widget\" data-settings=\"{&quot;motion_fx_motion_fx_scrolling&quot;:&quot;yes&quot;,&quot;motion_fx_opacity_effect&quot;:&quot;yes&quot;,&quot;motion_fx_opacity_direction&quot;:&quot;in-out&quot;,&quot;motion_fx_opacity_range&quot;:{&quot;unit&quot;:&quot;%&quot;,&quot;size&quot;:&quot;&quot;,&quot;sizes&quot;:{&quot;start&quot;:47,&quot;end&quot;:70}},&quot;motion_fx_opacity_level&quot;:{&quot;unit&quot;:&quot;px&quot;,&quot;size&quot;:10,&quot;sizes&quot;:[]},&quot;motion_fx_devices&quot;:[&quot;desktop&quot;,&quot;laptop&quot;,&quot;tablet&quot;,&quot;mobile&quot;]}\" data-widget_type=\"heading.default\">\n\t\t\t\t<div class=\"elementor-widget-container\">\n\t\t\t\t\t<h1 class=\"elementor-heading-title elementor-size-default\">FAMILY KELIH AND FRIENDS<\/h1>\t\t\t\t<\/div>\n\t\t\t\t<\/div>\n\t\t\t\t<div class=\"elementor-element elementor-element-6894e26 elementor-widget elementor-widget-heading\" data-id=\"6894e26\" data-element_type=\"widget\" data-e-type=\"widget\" data-settings=\"{&quot;motion_fx_motion_fx_scrolling&quot;:&quot;yes&quot;,&quot;motion_fx_opacity_effect&quot;:&quot;yes&quot;,&quot;motion_fx_opacity_direction&quot;:&quot;in-out&quot;,&quot;motion_fx_opacity_range&quot;:{&quot;unit&quot;:&quot;%&quot;,&quot;size&quot;:&quot;&quot;,&quot;sizes&quot;:{&quot;start&quot;:46,&quot;end&quot;:69}},&quot;motion_fx_opacity_level&quot;:{&quot;unit&quot;:&quot;px&quot;,&quot;size&quot;:10,&quot;sizes&quot;:[]},&quot;motion_fx_devices&quot;:[&quot;desktop&quot;,&quot;laptop&quot;,&quot;tablet&quot;,&quot;mobile&quot;]}\" data-widget_type=\"heading.default\">\n\t\t\t\t<div class=\"elementor-widget-container\">\n\t\t\t\t\t<h2 class=\"elementor-heading-title elementor-size-default\">SLOVENIA<\/h2>\t\t\t\t<\/div>\n\t\t\t\t<\/div>\n\t\t\t\t<div class=\"elementor-element elementor-element-0289aed elementor-hidden-desktop elementor-hidden-laptop elementor-widget elementor-widget-heading\" data-id=\"0289aed\" data-element_type=\"widget\" data-e-type=\"widget\" data-widget_type=\"heading.default\">\n\t\t\t\t<div class=\"elementor-widget-container\">\n\t\t\t\t\t<h4 class=\"elementor-heading-title elementor-size-default\">Prijatelji z naravo<\/h4>\t\t\t\t<\/div>\n\t\t\t\t<\/div>\n\t\t<div class=\"elementor-element elementor-element-e5cadbe container-l-r-padding e-flex e-con-boxed e-con e-child\" data-id=\"e5cadbe\" data-element_type=\"container\" data-e-type=\"container\" data-settings=\"{&quot;position&quot;:&quot;absolute&quot;}\">\n\t\t\t\t\t<div class=\"e-con-inner\">\n\t\t\t\t<div class=\"elementor-element elementor-element-60b80fa elementor-hidden-tablet elementor-hidden-mobile elementor-widget elementor-widget-heading\" data-id=\"60b80fa\" data-element_type=\"widget\" data-e-type=\"widget\" data-widget_type=\"heading.default\">\n\t\t\t\t<div class=\"elementor-widget-container\">\n\t\t\t\t\t<h4 class=\"elementor-heading-title elementor-size-default\">Prijatelji z naravo<\/h4>\t\t\t\t<\/div>\n\t\t\t\t<\/div>\n\t\t\t\t\t<\/div>\n\t\t\t\t<\/div>\n\t\t\t\t\t<\/div>\n\t\t\t\t<\/div>\n\t\t<div class=\"elementor-element elementor-element-f40974c container-l-r-padding e-flex e-con-boxed e-con e-parent\" data-id=\"f40974c\" data-element_type=\"container\" data-e-type=\"container\" data-settings=\"{&quot;background_background&quot;:&quot;classic&quot;}\">\n\t\t\t\t\t<div class=\"e-con-inner\">\n\t\t\t\t<div class=\"elementor-element elementor-element-aca6ff9 elementor-widget elementor-widget-heading\" data-id=\"aca6ff9\" data-element_type=\"widget\" data-e-type=\"widget\" data-widget_type=\"heading.default\">\n\t\t\t\t<div class=\"elementor-widget-container\">\n\t\t\t\t\t<h2 class=\"elementor-heading-title elementor-size-default\">PRIJATELJI Z NARAVO<\/h2>\t\t\t\t<\/div>\n\t\t\t\t<\/div>\n\t\t\t\t<div class=\"elementor-element elementor-element-5691c40 elementor-widget elementor-widget-heading\" data-id=\"5691c40\" data-element_type=\"widget\" data-e-type=\"widget\" data-widget_type=\"heading.default\">\n\t\t\t\t<div class=\"elementor-widget-container\">\n\t\t\t\t\t<p class=\"elementor-heading-title elementor-size-default\">Verjamemo, da smo najmo\u010dnej\u0161i, ko smo v stiku z naravo in svojo notranjostjo. To \u017eivljenjsko filozofijo smo vgradili v vse na\u0161e storitve in izdelke. Vabimo vas, da se seznanite s tem, kako vidimo in razumemo svet.  <\/p>\t\t\t\t<\/div>\n\t\t\t\t<\/div>\n\t\t\t\t<div class=\"elementor-element elementor-element-de5c2c0 elementor-widget elementor-widget-button\" data-id=\"de5c2c0\" data-element_type=\"widget\" data-e-type=\"widget\" data-widget_type=\"button.default\">\n\t\t\t\t<div class=\"elementor-widget-container\">\n\t\t\t\t\t\t\t\t\t<div class=\"elementor-button-wrapper\">\n\t\t\t\t\t<a class=\"elementor-button elementor-button-link elementor-size-sm\" href=\"https:\/\/www.kelih.com\/sl\/filozofija\/\">\n\t\t\t\t\t\t<span class=\"elementor-button-content-wrapper\">\n\t\t\t\t\t\t\t\t\t<span class=\"elementor-button-text\">Na\u0161a filozofija<\/span>\n\t\t\t\t\t<\/span>\n\t\t\t\t\t<\/a>\n\t\t\t\t<\/div>\n\t\t\t\t\t\t\t\t<\/div>\n\t\t\t\t<\/div>\n\t\t\t\t\t<\/div>\n\t\t\t\t<\/div>\n\t\t<div class=\"elementor-element elementor-element-f4cfa92 container-l-r-padding e-flex e-con-boxed e-con e-parent\" data-id=\"f4cfa92\" data-element_type=\"container\" data-e-type=\"container\" data-settings=\"{&quot;background_background&quot;:&quot;classic&quot;}\">\n\t\t\t\t\t<div class=\"e-con-inner\">\n\t\t\t\t<div class=\"elementor-element elementor-element-0c9cb04 elementor-widget elementor-widget-heading\" data-id=\"0c9cb04\" data-element_type=\"widget\" data-e-type=\"widget\" data-widget_type=\"heading.default\">\n\t\t\t\t<div class=\"elementor-widget-container\">\n\t\t\t\t\t<h2 class=\"elementor-heading-title elementor-size-default\">GARDEN VILLAGE BLED<\/h2>\t\t\t\t<\/div>\n\t\t\t\t<\/div>\n\t\t\t\t<div class=\"elementor-element elementor-element-e690a23 elementor-widget elementor-widget-heading\" data-id=\"e690a23\" data-element_type=\"widget\" data-e-type=\"widget\" data-widget_type=\"heading.default\">\n\t\t\t\t<div class=\"elementor-widget-container\">\n\t\t\t\t\t<p class=\"elementor-heading-title elementor-size-default\">Dobrodo\u0161li v edinstvenem letovi\u0161\u010du, kjer vas bo obkro\u017ealo razko\u0161je narave. Veliko smo razmi\u0161ljali o tem, kako bi va\u0161o potrebo po udobju najbolje vklju\u010dili v naravno okolje, da boste lahko mirno spali sredi drevesnih kro\u0161enj. <\/p>\t\t\t\t<\/div>\n\t\t\t\t<\/div>\n\t\t\t\t<div class=\"elementor-element elementor-element-07a8d5d elementor-widget elementor-widget-button\" data-id=\"07a8d5d\" data-element_type=\"widget\" data-e-type=\"widget\" data-widget_type=\"button.default\">\n\t\t\t\t<div class=\"elementor-widget-container\">\n\t\t\t\t\t\t\t\t\t<div class=\"elementor-button-wrapper\">\n\t\t\t\t\t<a class=\"elementor-button elementor-button-link elementor-size-sm\" href=\"https:\/\/www.gardenvillagebled.com\/sl\/\" target=\"_blank\">\n\t\t\t\t\t\t<span class=\"elementor-button-content-wrapper\">\n\t\t\t\t\t\t\t\t\t<span class=\"elementor-button-text\">Ve\u010d o resortu<\/span>\n\t\t\t\t\t<\/span>\n\t\t\t\t\t<\/a>\n\t\t\t\t<\/div>\n\t\t\t\t\t\t\t\t<\/div>\n\t\t\t\t<\/div>\n\t\t\t\t\t<\/div>\n\t\t\t\t<\/div>\n\t\t<div class=\"elementor-element elementor-element-eba3438 container-l-r-padding e-flex e-con-boxed e-con e-parent\" data-id=\"eba3438\" data-element_type=\"container\" data-e-type=\"container\" data-settings=\"{&quot;background_background&quot;:&quot;classic&quot;}\">\n\t\t\t\t\t<div class=\"e-con-inner\">\n\t\t\t\t<div class=\"elementor-element elementor-element-438c613 elementor-widget elementor-widget-heading\" data-id=\"438c613\" data-element_type=\"widget\" data-e-type=\"widget\" data-widget_type=\"heading.default\">\n\t\t\t\t<div class=\"elementor-widget-container\">\n\t\t\t\t\t<h2 class=\"elementor-heading-title elementor-size-default\">ALPINE HOMESTEAD<\/h2>\t\t\t\t<\/div>\n\t\t\t\t<\/div>\n\t\t\t\t<div class=\"elementor-element elementor-element-5c17f3e elementor-widget elementor-widget-heading\" data-id=\"5c17f3e\" data-element_type=\"widget\" data-e-type=\"widget\" data-widget_type=\"heading.default\">\n\t\t\t\t<div class=\"elementor-widget-container\">\n\t\t\t\t\t<p class=\"elementor-heading-title elementor-size-default\">\u010ce \u017eelite do\u017eiveti nepozabno izku\u0161njo pode\u017eelske gostoljubnosti, se odpravite v idili\u010dno vasico dale\u010d stran od mestnega vrve\u017ea. Vdihnite sve\u017e gorski zrak, raziskujte okoli\u0161ko pokrajino, poskusite doma\u010do hrano in si napolnite baterije. <\/p>\t\t\t\t<\/div>\n\t\t\t\t<\/div>\n\t\t\t\t<div class=\"elementor-element elementor-element-dd8b258 elementor-widget elementor-widget-button\" data-id=\"dd8b258\" data-element_type=\"widget\" data-e-type=\"widget\" data-widget_type=\"button.default\">\n\t\t\t\t<div class=\"elementor-widget-container\">\n\t\t\t\t\t\t\t\t\t<div class=\"elementor-button-wrapper\">\n\t\t\t\t\t<a class=\"elementor-button elementor-button-link elementor-size-sm\" href=\"https:\/\/www.alpinehomesteadbled.com\/sl\/\" target=\"_blank\">\n\t\t\t\t\t\t<span class=\"elementor-button-content-wrapper\">\n\t\t\t\t\t\t\t\t\t<span class=\"elementor-button-text\">Ve\u010d o doma\u010diji<\/span>\n\t\t\t\t\t<\/span>\n\t\t\t\t\t<\/a>\n\t\t\t\t<\/div>\n\t\t\t\t\t\t\t\t<\/div>\n\t\t\t\t<\/div>\n\t\t\t\t\t<\/div>\n\t\t\t\t<\/div>\n\t\t\t\t<\/div>\n\t\t","protected":false},"excerpt":{"rendered":"<p>FAMILY KELIH AND FRIENDS SLOVENIA Prijatelji z naravo Prijatelji z naravo PRIJATELJI Z NARAVO Verjamemo, da smo najmo\u010dnej\u0161i, ko smo v stiku z naravo in svojo notranjostjo. To \u017eivljenjsko filozofijo smo vgradili v vse na\u0161e storitve in izdelke. Vabimo vas, da se seznanite s tem, kako vidimo in razumemo svet. Na\u0161a filozofija GARDEN VILLAGE BLED [&hellip;]<\/p>\n","protected":false},"author":2,"featured_media":273,"parent":0,"menu_order":0,"comment_status":"closed","ping_status":"closed","template":"","meta":{"footnotes":""},"class_list":["post-332","page","type-page","status-publish","has-post-thumbnail","hentry"],"yoast_head":"<!-- This site is optimized with the Yoast SEO plugin v26.9 - https:\/\/yoast.com\/product\/yoast-seo-wordpress\/ -->\n<title>Kelih Family - Rezervirajte svoj idealen oddih v naravi<\/title>\n<meta name=\"description\" content=\"Dru\u017eina Kelih ponuja pode\u017eelsko gostoljubje v Sloveniji s sve\u017eim gorskim zrakom, doma\u010dimi jedmi in mirnim okoljem za ljubitelje narave.\" \/>\n<meta name=\"robots\" content=\"index, follow, max-snippet:-1, max-image-preview:large, max-video-preview:-1\" \/>\n<link rel=\"canonical\" href=\"https:\/\/www.kelih.com\/sl\/\" \/>\n<meta property=\"og:locale\" content=\"sl_SI\" \/>\n<meta property=\"og:type\" content=\"article\" \/>\n<meta property=\"og:title\" content=\"Kelih Family - Rezervirajte svoj idealen oddih v naravi\" \/>\n<meta property=\"og:description\" content=\"Dru\u017eina Kelih ponuja pode\u017eelsko gostoljubje v Sloveniji s sve\u017eim gorskim zrakom, doma\u010dimi jedmi in mirnim okoljem za ljubitelje narave.\" \/>\n<meta property=\"og:url\" content=\"https:\/\/www.kelih.com\/sl\/\" \/>\n<meta property=\"og:site_name\" content=\"Kelih Family\" \/>\n<meta property=\"article:modified_time\" content=\"2025-11-10T14:47:52+00:00\" \/>\n<meta property=\"og:image\" content=\"https:\/\/www.kelih.com\/wp-content\/uploads\/home-hero-mobile.webp\" \/>\n\t<meta property=\"og:image:width\" content=\"1125\" \/>\n\t<meta property=\"og:image:height\" content=\"1800\" \/>\n\t<meta property=\"og:image:type\" content=\"image\/webp\" \/>\n<meta name=\"twitter:card\" content=\"summary_large_image\" \/>\n<meta name=\"twitter:label1\" content=\"Est. reading time\" \/>\n\t<meta name=\"twitter:data1\" content=\"2 minuti\" \/>\n<script type=\"application\/ld+json\" class=\"yoast-schema-graph\">{\"@context\":\"https:\/\/schema.org\",\"@graph\":[{\"@type\":\"WebPage\",\"@id\":\"https:\/\/www.kelih.com\/sl\/\",\"url\":\"https:\/\/www.kelih.com\/sl\/\",\"name\":\"Kelih Family - Rezervirajte svoj idealen oddih v naravi\",\"isPartOf\":{\"@id\":\"https:\/\/www.kelih.com\/sl\/#website\"},\"primaryImageOfPage\":{\"@id\":\"https:\/\/www.kelih.com\/sl\/#primaryimage\"},\"image\":{\"@id\":\"https:\/\/www.kelih.com\/sl\/#primaryimage\"},\"thumbnailUrl\":\"https:\/\/www.kelih.com\/wp-content\/uploads\/home-hero-mobile.webp\",\"datePublished\":\"2024-10-09T22:35:19+00:00\",\"dateModified\":\"2025-11-10T14:47:52+00:00\",\"description\":\"Dru\u017eina Kelih ponuja pode\u017eelsko gostoljubje v Sloveniji s sve\u017eim gorskim zrakom, doma\u010dimi jedmi in mirnim okoljem za ljubitelje narave.\",\"breadcrumb\":{\"@id\":\"https:\/\/www.kelih.com\/sl\/#breadcrumb\"},\"inLanguage\":\"sl-SI\",\"potentialAction\":[{\"@type\":\"ReadAction\",\"target\":[\"https:\/\/www.kelih.com\/sl\/\"]}]},{\"@type\":\"ImageObject\",\"inLanguage\":\"sl-SI\",\"@id\":\"https:\/\/www.kelih.com\/sl\/#primaryimage\",\"url\":\"https:\/\/www.kelih.com\/wp-content\/uploads\/home-hero-mobile.webp\",\"contentUrl\":\"https:\/\/www.kelih.com\/wp-content\/uploads\/home-hero-mobile.webp\",\"width\":1125,\"height\":1800},{\"@type\":\"BreadcrumbList\",\"@id\":\"https:\/\/www.kelih.com\/sl\/#breadcrumb\",\"itemListElement\":[{\"@type\":\"ListItem\",\"position\":1,\"name\":\"Home\",\"item\":\"https:\/\/www.kelih.com\/sl\/domov\/\"},{\"@type\":\"ListItem\",\"position\":2,\"name\":\"Domov\"}]},{\"@type\":\"WebSite\",\"@id\":\"https:\/\/www.kelih.com\/sl\/#website\",\"url\":\"https:\/\/www.kelih.com\/sl\/\",\"name\":\"Kelih Family\",\"description\":\"\",\"publisher\":{\"@id\":\"https:\/\/www.kelih.com\/sl\/#organization\"},\"potentialAction\":[{\"@type\":\"SearchAction\",\"target\":{\"@type\":\"EntryPoint\",\"urlTemplate\":\"https:\/\/www.kelih.com\/sl\/?s={search_term_string}\"},\"query-input\":{\"@type\":\"PropertyValueSpecification\",\"valueRequired\":true,\"valueName\":\"search_term_string\"}}],\"inLanguage\":\"sl-SI\"},{\"@type\":\"Organization\",\"@id\":\"https:\/\/www.kelih.com\/sl\/#organization\",\"name\":\"Kelih Family\",\"url\":\"https:\/\/www.kelih.com\/sl\/\",\"logo\":{\"@type\":\"ImageObject\",\"inLanguage\":\"sl-SI\",\"@id\":\"https:\/\/www.kelih.com\/sl\/#\/schema\/logo\/image\/\",\"url\":\"https:\/\/www.kelih.com\/wp-content\/uploads\/kelih-favicon-512.png\",\"contentUrl\":\"https:\/\/www.kelih.com\/wp-content\/uploads\/kelih-favicon-512.png\",\"width\":512,\"height\":512,\"caption\":\"Kelih Family\"},\"image\":{\"@id\":\"https:\/\/www.kelih.com\/sl\/#\/schema\/logo\/image\/\"}}]}<\/script>\n<!-- \/ Yoast SEO plugin. -->","yoast_head_json":{"title":"Kelih Family - Rezervirajte svoj idealen oddih v naravi","description":"Dru\u017eina Kelih ponuja pode\u017eelsko gostoljubje v Sloveniji s sve\u017eim gorskim zrakom, doma\u010dimi jedmi in mirnim okoljem za ljubitelje narave.","robots":{"index":"index","follow":"follow","max-snippet":"max-snippet:-1","max-image-preview":"max-image-preview:large","max-video-preview":"max-video-preview:-1"},"canonical":"https:\/\/www.kelih.com\/sl\/","og_locale":"sl_SI","og_type":"article","og_title":"Kelih Family - Rezervirajte svoj idealen oddih v naravi","og_description":"Dru\u017eina Kelih ponuja pode\u017eelsko gostoljubje v Sloveniji s sve\u017eim gorskim zrakom, doma\u010dimi jedmi in mirnim okoljem za ljubitelje narave.","og_url":"https:\/\/www.kelih.com\/sl\/","og_site_name":"Kelih Family","article_modified_time":"2025-11-10T14:47:52+00:00","og_image":[{"width":1125,"height":1800,"url":"https:\/\/www.kelih.com\/wp-content\/uploads\/home-hero-mobile.webp","type":"image\/webp"}],"twitter_card":"summary_large_image","twitter_misc":{"Est. reading time":"2 minuti"},"schema":{"@context":"https:\/\/schema.org","@graph":[{"@type":"WebPage","@id":"https:\/\/www.kelih.com\/sl\/","url":"https:\/\/www.kelih.com\/sl\/","name":"Kelih Family - Rezervirajte svoj idealen oddih v naravi","isPartOf":{"@id":"https:\/\/www.kelih.com\/sl\/#website"},"primaryImageOfPage":{"@id":"https:\/\/www.kelih.com\/sl\/#primaryimage"},"image":{"@id":"https:\/\/www.kelih.com\/sl\/#primaryimage"},"thumbnailUrl":"https:\/\/www.kelih.com\/wp-content\/uploads\/home-hero-mobile.webp","datePublished":"2024-10-09T22:35:19+00:00","dateModified":"2025-11-10T14:47:52+00:00","description":"Dru\u017eina Kelih ponuja pode\u017eelsko gostoljubje v Sloveniji s sve\u017eim gorskim zrakom, doma\u010dimi jedmi in mirnim okoljem za ljubitelje narave.","breadcrumb":{"@id":"https:\/\/www.kelih.com\/sl\/#breadcrumb"},"inLanguage":"sl-SI","potentialAction":[{"@type":"ReadAction","target":["https:\/\/www.kelih.com\/sl\/"]}]},{"@type":"ImageObject","inLanguage":"sl-SI","@id":"https:\/\/www.kelih.com\/sl\/#primaryimage","url":"https:\/\/www.kelih.com\/wp-content\/uploads\/home-hero-mobile.webp","contentUrl":"https:\/\/www.kelih.com\/wp-content\/uploads\/home-hero-mobile.webp","width":1125,"height":1800},{"@type":"BreadcrumbList","@id":"https:\/\/www.kelih.com\/sl\/#breadcrumb","itemListElement":[{"@type":"ListItem","position":1,"name":"Home","item":"https:\/\/www.kelih.com\/sl\/domov\/"},{"@type":"ListItem","position":2,"name":"Domov"}]},{"@type":"WebSite","@id":"https:\/\/www.kelih.com\/sl\/#website","url":"https:\/\/www.kelih.com\/sl\/","name":"Kelih Family","description":"","publisher":{"@id":"https:\/\/www.kelih.com\/sl\/#organization"},"potentialAction":[{"@type":"SearchAction","target":{"@type":"EntryPoint","urlTemplate":"https:\/\/www.kelih.com\/sl\/?s={search_term_string}"},"query-input":{"@type":"PropertyValueSpecification","valueRequired":true,"valueName":"search_term_string"}}],"inLanguage":"sl-SI"},{"@type":"Organization","@id":"https:\/\/www.kelih.com\/sl\/#organization","name":"Kelih Family","url":"https:\/\/www.kelih.com\/sl\/","logo":{"@type":"ImageObject","inLanguage":"sl-SI","@id":"https:\/\/www.kelih.com\/sl\/#\/schema\/logo\/image\/","url":"https:\/\/www.kelih.com\/wp-content\/uploads\/kelih-favicon-512.png","contentUrl":"https:\/\/www.kelih.com\/wp-content\/uploads\/kelih-favicon-512.png","width":512,"height":512,"caption":"Kelih Family"},"image":{"@id":"https:\/\/www.kelih.com\/sl\/#\/schema\/logo\/image\/"}}]}},"_links":{"self":[{"href":"https:\/\/www.kelih.com\/sl\/wp-json\/wp\/v2\/pages\/332","targetHints":{"allow":["GET"]}}],"collection":[{"href":"https:\/\/www.kelih.com\/sl\/wp-json\/wp\/v2\/pages"}],"about":[{"href":"https:\/\/www.kelih.com\/sl\/wp-json\/wp\/v2\/types\/page"}],"author":[{"embeddable":true,"href":"https:\/\/www.kelih.com\/sl\/wp-json\/wp\/v2\/users\/2"}],"replies":[{"embeddable":true,"href":"https:\/\/www.kelih.com\/sl\/wp-json\/wp\/v2\/comments?post=332"}],"version-history":[{"count":13,"href":"https:\/\/www.kelih.com\/sl\/wp-json\/wp\/v2\/pages\/332\/revisions"}],"predecessor-version":[{"id":565,"href":"https:\/\/www.kelih.com\/sl\/wp-json\/wp\/v2\/pages\/332\/revisions\/565"}],"wp:featuredmedia":[{"embeddable":true,"href":"https:\/\/www.kelih.com\/sl\/wp-json\/wp\/v2\/media\/273"}],"wp:attachment":[{"href":"https:\/\/www.kelih.com\/sl\/wp-json\/wp\/v2\/media?parent=332"}],"curies":[{"name":"wp","href":"https:\/\/api.w.org\/{rel}","templated":true}]}}